{"id":16056,"date":"2023-01-18T10:48:46","date_gmt":"2023-01-18T15:48:46","guid":{"rendered":"https:\/\/oratex.ca\/carrieres\/"},"modified":"2023-03-02T15:31:51","modified_gmt":"2023-03-02T20:31:51","slug":"career-positions","status":"publish","type":"page","link":"https:\/\/oratex.ca\/en\/career-positions\/","title":{"rendered":"Careers"},"content":{"rendered":"\t\t<div data-elementor-type=\"wp-page\" data-elementor-id=\"16056\" class=\"elementor elementor-16056 elementor-14536\">\n\t\t\t\t\t\t<div class=\"elementor-inner\">\n\t\t\t\t<div class=\"elementor-section-wrap\">\n\t\t\t\t\t\t\t\t\t<section class=\"elementor-section elementor-top-section elementor-element elementor-element-a9fb67b elementor-section-row-wrap elementor-section-boxed elementor-section-height-default elementor-section-height-default\" data-id=\"a9fb67b\" data-element_type=\"section\">\n\t\t\t\t\t\t<div class=\"elementor-container elementor-column-gap-default\">\n\t\t\t\t\t\t\t<div class=\"elementor-row\">\n\t\t\t\t\t<div class=\"elementor-column elementor-col-33 elementor-top-column elementor-element elementor-element-4fc7f9c elementor-hidden-mobile_extra elementor-hidden-mobile\" data-id=\"4fc7f9c\" data-element_type=\"column\">\n\t\t\t<div class=\"elementor-column-wrap\">\n\t\t\t\t\t\t\t<div class=\"elementor-widget-wrap\">\n\t\t\t\t\t\t\t\t<\/div>\n\t\t\t\t\t<\/div>\n\t\t<\/div>\n\t\t\t\t<div class=\"elementor-column elementor-col-33 elementor-top-column elementor-element elementor-element-66c7d96\" data-id=\"66c7d96\" data-element_type=\"column\">\n\t\t\t<div class=\"elementor-column-wrap elementor-element-populated\">\n\t\t\t\t\t\t\t<div class=\"elementor-widget-wrap\">\n\t\t\t\t\t\t<div class=\"elementor-element elementor-element-b9e7a5f elementor-widget__width-auto titleUnderline elementor-widget elementor-widget-heading\" data-id=\"b9e7a5f\" data-element_type=\"widget\" data-widget_type=\"heading.default\">\n\t\t\t\t<div class=\"elementor-widget-container\">\n\t\t\t<h2 class=\"elementor-heading-title elementor-size-default\">POSITIONS AVAILABLE<\/h2>\t\t<\/div>\n\t\t\t\t<\/div>\n\t\t\t\t\t\t<\/div>\n\t\t\t\t\t<\/div>\n\t\t<\/div>\n\t\t\t\t<div class=\"elementor-column elementor-col-33 elementor-top-column elementor-element elementor-element-045c17e elementor-hidden-mobile_extra elementor-hidden-mobile\" data-id=\"045c17e\" data-element_type=\"column\">\n\t\t\t<div class=\"elementor-column-wrap\">\n\t\t\t\t\t\t\t<div class=\"elementor-widget-wrap\">\n\t\t\t\t\t\t\t\t<\/div>\n\t\t\t\t\t<\/div>\n\t\t<\/div>\n\t\t\t\t\t\t\t\t<\/div>\n\t\t\t\t\t<\/div>\n\t\t<\/section>\n\t\t\t\t<section class=\"elementor-section elementor-top-section elementor-element elementor-element-e531596 elementor-section-row-wrap elementor-hidden-widescreen elementor-hidden-desktop elementor-hidden-laptop elementor-hidden-tablet_extra elementor-hidden-tablet elementor-hidden-mobile_extra elementor-hidden-mobile elementor-section-boxed elementor-section-height-default elementor-section-height-default\" data-id=\"e531596\" data-element_type=\"section\">\n\t\t\t\t\t\t<div class=\"elementor-container elementor-column-gap-default\">\n\t\t\t\t\t\t\t<div class=\"elementor-row\">\n\t\t\t\t\t<div class=\"elementor-column elementor-col-33 elementor-top-column elementor-element elementor-element-f2f905e elementor-hidden-mobile_extra elementor-hidden-mobile\" data-id=\"f2f905e\" data-element_type=\"column\">\n\t\t\t<div class=\"elementor-column-wrap\">\n\t\t\t\t\t\t\t<div class=\"elementor-widget-wrap\">\n\t\t\t\t\t\t\t\t<\/div>\n\t\t\t\t\t<\/div>\n\t\t<\/div>\n\t\t\t\t<div class=\"elementor-column elementor-col-33 elementor-top-column elementor-element elementor-element-385e570\" data-id=\"385e570\" data-element_type=\"column\">\n\t\t\t<div class=\"elementor-column-wrap elementor-element-populated\">\n\t\t\t\t\t\t\t<div class=\"elementor-widget-wrap\">\n\t\t\t\t\t\t<div class=\"elementor-element elementor-element-ef1994f elementor-widget elementor-widget-text-editor\" data-id=\"ef1994f\" data-element_type=\"widget\" data-widget_type=\"text-editor.default\">\n\t\t\t\t<div class=\"elementor-widget-container\">\n\t\t\t\t\t\t\t\t<div class=\"elementor-text-editor elementor-clearfix\">\n\t\t\t\t<p style=\"margin-right: 0in; margin-left: 0in; font-size: 12pt; font-family: 'Times New Roman', serif; font-weight: 400;\"><span style=\"font-size: 14pt; font-family: Calibri, sans-serif;\">Information to come<\/span><\/p>\t\t\t\t\t<\/div>\n\t\t\t\t\t\t<\/div>\n\t\t\t\t<\/div>\n\t\t\t\t\t\t<\/div>\n\t\t\t\t\t<\/div>\n\t\t<\/div>\n\t\t\t\t<div class=\"elementor-column elementor-col-33 elementor-top-column elementor-element elementor-element-9e8b4f3 elementor-hidden-mobile_extra elementor-hidden-mobile\" data-id=\"9e8b4f3\" data-element_type=\"column\">\n\t\t\t<div class=\"elementor-column-wrap\">\n\t\t\t\t\t\t\t<div class=\"elementor-widget-wrap\">\n\t\t\t\t\t\t\t\t<\/div>\n\t\t\t\t\t<\/div>\n\t\t<\/div>\n\t\t\t\t\t\t\t\t<\/div>\n\t\t\t\t\t<\/div>\n\t\t<\/section>\n\t\t\t\t<section class=\"elementor-section elementor-top-section elementor-element elementor-element-21b7105 elementor-section-row-wrap elementor-section-boxed elementor-section-height-default elementor-section-height-default\" data-id=\"21b7105\" data-element_type=\"section\">\n\t\t\t\t\t\t<div class=\"elementor-container elementor-column-gap-default\">\n\t\t\t\t\t\t\t<div class=\"elementor-row\">\n\t\t\t\t\t<div class=\"elementor-column elementor-col-33 elementor-top-column elementor-element elementor-element-28c54f8 elementor-hidden-mobile_extra elementor-hidden-mobile\" data-id=\"28c54f8\" data-element_type=\"column\">\n\t\t\t<div class=\"elementor-column-wrap\">\n\t\t\t\t\t\t\t<div class=\"elementor-widget-wrap\">\n\t\t\t\t\t\t\t\t<\/div>\n\t\t\t\t\t<\/div>\n\t\t<\/div>\n\t\t\t\t<div class=\"elementor-column elementor-col-33 elementor-top-column elementor-element elementor-element-29df404\" data-id=\"29df404\" data-element_type=\"column\">\n\t\t\t<div class=\"elementor-column-wrap elementor-element-populated\">\n\t\t\t\t\t\t\t<div class=\"elementor-widget-wrap\">\n\t\t\t\t\t\t<div class=\"elementor-element elementor-element-b75f636 elementor-widget elementor-widget-heading\" data-id=\"b75f636\" data-element_type=\"widget\" data-widget_type=\"heading.default\">\n\t\t\t\t<div class=\"elementor-widget-container\">\n\t\t\t<h3 class=\"elementor-heading-title elementor-size-default\">Machine Operator<\/h3>\t\t<\/div>\n\t\t\t\t<\/div>\n\t\t\t\t<div class=\"elementor-element elementor-element-0f6ea72 elementor-widget elementor-widget-text-editor\" data-id=\"0f6ea72\" data-element_type=\"widget\" data-widget_type=\"text-editor.default\">\n\t\t\t\t<div class=\"elementor-widget-container\">\n\t\t\t\t\t\t\t\t<div class=\"elementor-text-editor elementor-clearfix\">\n\t\t\t\t<p><strong>Full time<\/strong><br \/><strong>Permanent<\/strong><\/p><p><strong>Textiles Coraltex Inc.<\/strong><br \/><strong>Berthierville, QC<\/strong><\/p><p>EXAMPLE OF TASKS TO BE PERFORMED<\/p><ul><li>Operate the machines and ensure their proper functioning<\/li><li>Prepare and feed the machines<\/li><li>Carry out production changes<\/li><li>Prepare material and equipment accordingly<\/li><li>All other related tasks<\/li><\/ul><p>REQUIRED SKILLS<\/p><ul><li>Good manual dexterity<\/li><li>Experience in a manufacturing environment (asset)<\/li><li>The candidate must be resourceful and flexible to work on several machines and on different shifts.<\/li><\/ul>\t\t\t\t\t<\/div>\n\t\t\t\t\t\t<\/div>\n\t\t\t\t<\/div>\n\t\t\t\t<div class=\"elementor-element elementor-element-cf55fee elementor-widget elementor-widget-industrium_button\" data-id=\"cf55fee\" data-element_type=\"widget\" data-widget_type=\"industrium_button.default\">\n\t\t\t\t<div class=\"elementor-widget-container\">\n\t\t\t\n        <div class=\"button-widget\">\n            <div class=\"button-container\">\n                <a class=\"industrium-button\" href=\"mailto:info@oratex.ca\" target=\"_blank\">SEND YOUR CV TO INFO@ORATEX.CA<svg viewBox=\"0 0 13 20\"><polyline points=\"0.5 19.5 3 19.5 12.5 10 3 0.5\"><\/polyline><\/svg><\/a>\n            <\/div>\n        <\/div>\n        \t\t<\/div>\n\t\t\t\t<\/div>\n\t\t\t\t\t\t<\/div>\n\t\t\t\t\t<\/div>\n\t\t<\/div>\n\t\t\t\t<div class=\"elementor-column elementor-col-33 elementor-top-column elementor-element elementor-element-5851133 elementor-hidden-mobile_extra elementor-hidden-mobile\" data-id=\"5851133\" data-element_type=\"column\">\n\t\t\t<div class=\"elementor-column-wrap\">\n\t\t\t\t\t\t\t<div class=\"elementor-widget-wrap\">\n\t\t\t\t\t\t\t\t<\/div>\n\t\t\t\t\t<\/div>\n\t\t<\/div>\n\t\t\t\t\t\t\t\t<\/div>\n\t\t\t\t\t<\/div>\n\t\t<\/section>\n\t\t\t\t<section class=\"elementor-section elementor-top-section elementor-element elementor-element-a69bb5e elementor-section-row-wrap elementor-hidden-widescreen elementor-hidden-desktop elementor-hidden-laptop elementor-hidden-tablet_extra elementor-hidden-tablet elementor-hidden-mobile_extra elementor-hidden-mobile elementor-section-boxed elementor-section-height-default elementor-section-height-default\" data-id=\"a69bb5e\" data-element_type=\"section\">\n\t\t\t\t\t\t<div class=\"elementor-container elementor-column-gap-default\">\n\t\t\t\t\t\t\t<div class=\"elementor-row\">\n\t\t\t\t\t<div class=\"elementor-column elementor-col-33 elementor-top-column elementor-element elementor-element-0595112 elementor-hidden-mobile_extra elementor-hidden-mobile\" data-id=\"0595112\" data-element_type=\"column\">\n\t\t\t<div class=\"elementor-column-wrap\">\n\t\t\t\t\t\t\t<div class=\"elementor-widget-wrap\">\n\t\t\t\t\t\t\t\t<\/div>\n\t\t\t\t\t<\/div>\n\t\t<\/div>\n\t\t\t\t<div class=\"elementor-column elementor-col-33 elementor-top-column elementor-element elementor-element-cd7abcd\" data-id=\"cd7abcd\" data-element_type=\"column\">\n\t\t\t<div class=\"elementor-column-wrap elementor-element-populated\">\n\t\t\t\t\t\t\t<div class=\"elementor-widget-wrap\">\n\t\t\t\t\t\t<div class=\"elementor-element elementor-element-bb6f8c6 elementor-widget elementor-widget-heading\" data-id=\"bb6f8c6\" data-element_type=\"widget\" data-widget_type=\"heading.default\">\n\t\t\t\t<div class=\"elementor-widget-container\">\n\t\t\t<h3 class=\"elementor-heading-title elementor-size-default\">ENTRETIEN DES TEXTILES<\/h3>\t\t<\/div>\n\t\t\t\t<\/div>\n\t\t\t\t<div class=\"elementor-element elementor-element-039efb2 elementor-widget elementor-widget-text-editor\" data-id=\"039efb2\" data-element_type=\"widget\" data-widget_type=\"text-editor.default\">\n\t\t\t\t<div class=\"elementor-widget-container\">\n\t\t\t\t\t\t\t\t<div class=\"elementor-text-editor elementor-clearfix\">\n\t\t\t\t<p>Responsabilit\u00e9s :<\/p><p>\u2022 Travaille avec une attitude positive et informe \u00e0 leur superviseur toutes questions ou probl\u00e8mes<br \/>\u2022 Cr\u00e9er des formules de lavages efficaces incluant la programmation de laveuses industriels incluant tunnel de lavages<br \/>\u2022 \u00c9valuer et r\u00e9parer de fa\u00e7on permanente tous les \u00e9quipements en situations de d\u00e9faillances<br \/>\u2022 Compl\u00e9ter des installations professionnelles de tous les \u00e9quipements incluant la communication avec le client pour d\u00e9terminer <br \/>l\u2019installation optimale chez le client<br \/>\u2022 Compl\u00e9ter les interventions de services soit pr\u00e9ventive ou en situation d\u2019urgence incluant la communication des interventions avec le <br \/>client<br \/>\u2022 Saisir, diagnostiquer et r\u00e9soudre les probl\u00e8mes m\u00e9caniques et \u00e9lectrom\u00e9canique<br \/>\u2022 Effectuer toutes autres t\u00e2ches connexes<\/p><p>En tant que technicien buanderie vous ferez partie d\u2019une \u00e9quipe dynamique qui aide \u00e0 maintenir une haute performance de lavage chez notre client\u00e8le de buanderie. Votre mandat premier sera d\u2019\u00e9tablir un partenariat avec vos clients et de r\u00e9pondre aux besoins des clients par votre expertise. Votre travail consistera \u00e0 compl\u00e9ter de fa\u00e7on proactive les visites de v\u00e9rification approfondie de nos \u00e9quipements chez nos clients et de r\u00e9pondre aux appels d\u2019urgences pour r\u00e9parer des bris. Il sera aussi n\u00e9cessaire de pr\u00e9parer nos \u00e9quipements et de les install\u00e9s chez les nouveaux clients.<\/p>\t\t\t\t\t<\/div>\n\t\t\t\t\t\t<\/div>\n\t\t\t\t<\/div>\n\t\t\t\t<div class=\"elementor-element elementor-element-d993590 elementor-widget elementor-widget-industrium_button\" data-id=\"d993590\" data-element_type=\"widget\" data-widget_type=\"industrium_button.default\">\n\t\t\t\t<div class=\"elementor-widget-container\">\n\t\t\t\n        <div class=\"button-widget\">\n            <div class=\"button-container\">\n                <a class=\"industrium-button\" href=\"mailto:rh@oratex.ca\" target=\"_blank\">ENVOYEZ VOTRE CV \u00c0 RH@ORATEX.CA<svg viewBox=\"0 0 13 20\"><polyline points=\"0.5 19.5 3 19.5 12.5 10 3 0.5\"><\/polyline><\/svg><\/a>\n            <\/div>\n        <\/div>\n        \t\t<\/div>\n\t\t\t\t<\/div>\n\t\t\t\t\t\t<\/div>\n\t\t\t\t\t<\/div>\n\t\t<\/div>\n\t\t\t\t<div class=\"elementor-column elementor-col-33 elementor-top-column elementor-element elementor-element-f9291e8 elementor-hidden-mobile_extra elementor-hidden-mobile\" data-id=\"f9291e8\" data-element_type=\"column\">\n\t\t\t<div class=\"elementor-column-wrap\">\n\t\t\t\t\t\t\t<div class=\"elementor-widget-wrap\">\n\t\t\t\t\t\t\t\t<\/div>\n\t\t\t\t\t<\/div>\n\t\t<\/div>\n\t\t\t\t\t\t\t\t<\/div>\n\t\t\t\t\t<\/div>\n\t\t<\/section>\n\t\t\t\t\t\t\t\t\t<\/div>\n\t\t\t<\/div>\n\t\t\t\t\t<\/div>\n\t\t","protected":false},"excerpt":{"rendered":"<p>POSITIONS AVAILABLE Information to come Machine Operator Full timePermanent Textiles Coraltex Inc.Berthierville, QC EXAMPLE OF TASKS TO BE PERFORMED Operate the machines and ensure their proper functioning Prepare and feed the machines Carry out production changes Prepare material and equipment accordingly&#8230;<\/p>\n","protected":false},"author":1,"featured_media":0,"parent":0,"menu_order":0,"comment_status":"closed","ping_status":"closed","template":"elementor_header_footer","meta":{"footnotes":""},"yoast_head":"<!-- This site is optimized with the Yoast SEO plugin v23.0 - https:\/\/yoast.com\/wordpress\/plugins\/seo\/ -->\n<title>Careers - ORATEX<\/title>\n<meta name=\"description\" content=\"We are a North American manufacturer of specialized stretch fabrics, fleece fabrics, and flame-retardant fabrics. Specialized in circular stretch kinitting. Canada : Montreal, Berthierville, Alberta, Manitoba, Saskatchewan, British Columbia ; USA : New York\" \/>\n<meta name=\"robots\" content=\"index, follow, max-snippet:-1, max-image-preview:large, max-video-preview:-1\" \/>\n<link rel=\"canonical\" href=\"https:\/\/oratex.ca\/en\/career-positions\/\" \/>\n<meta property=\"og:locale\" content=\"en_US\" \/>\n<meta property=\"og:type\" content=\"article\" \/>\n<meta property=\"og:title\" content=\"Careers - ORATEX\" \/>\n<meta property=\"og:description\" content=\"We are a North American manufacturer of specialized stretch fabrics, fleece fabrics, and flame-retardant fabrics. Specialized in circular stretch kinitting. Canada : Montreal, Berthierville, Alberta, Manitoba, Saskatchewan, British Columbia ; USA : New York\" \/>\n<meta property=\"og:url\" content=\"https:\/\/oratex.ca\/en\/career-positions\/\" \/>\n<meta property=\"og:site_name\" content=\"ORATEX\" \/>\n<meta property=\"article:modified_time\" content=\"2023-03-02T20:31:51+00:00\" \/>\n<meta name=\"twitter:card\" content=\"summary_large_image\" \/>\n<meta name=\"twitter:label1\" content=\"Est. reading time\" \/>\n\t<meta name=\"twitter:data1\" content=\"1 minute\" \/>\n<script type=\"application\/ld+json\" class=\"yoast-schema-graph\">{\"@context\":\"https:\/\/schema.org\",\"@graph\":[{\"@type\":\"WebPage\",\"@id\":\"https:\/\/oratex.ca\/en\/career-positions\/\",\"url\":\"https:\/\/oratex.ca\/en\/career-positions\/\",\"name\":\"Careers - ORATEX\",\"isPartOf\":{\"@id\":\"https:\/\/oratex.ca\/en\/#website\"},\"datePublished\":\"2023-01-18T15:48:46+00:00\",\"dateModified\":\"2023-03-02T20:31:51+00:00\",\"description\":\"We are a North American manufacturer of specialized stretch fabrics, fleece fabrics, and flame-retardant fabrics. Specialized in circular stretch kinitting. Canada : Montreal, Berthierville, Alberta, Manitoba, Saskatchewan, British Columbia ; USA : New York\",\"breadcrumb\":{\"@id\":\"https:\/\/oratex.ca\/en\/career-positions\/#breadcrumb\"},\"inLanguage\":\"en-US\",\"potentialAction\":[{\"@type\":\"ReadAction\",\"target\":[\"https:\/\/oratex.ca\/en\/career-positions\/\"]}]},{\"@type\":\"BreadcrumbList\",\"@id\":\"https:\/\/oratex.ca\/en\/career-positions\/#breadcrumb\",\"itemListElement\":[{\"@type\":\"ListItem\",\"position\":1,\"name\":\"Accueil\",\"item\":\"https:\/\/oratex.ca\/en\/\"},{\"@type\":\"ListItem\",\"position\":2,\"name\":\"Careers\"}]},{\"@type\":\"WebSite\",\"@id\":\"https:\/\/oratex.ca\/en\/#website\",\"url\":\"https:\/\/oratex.ca\/en\/\",\"name\":\"ORATEX\",\"description\":\"World leader in green textile manufacturing\",\"publisher\":{\"@id\":\"https:\/\/oratex.ca\/en\/#organization\"},\"potentialAction\":[{\"@type\":\"SearchAction\",\"target\":{\"@type\":\"EntryPoint\",\"urlTemplate\":\"https:\/\/oratex.ca\/en\/?s={search_term_string}\"},\"query-input\":\"required name=search_term_string\"}],\"inLanguage\":\"en-US\"},{\"@type\":\"Organization\",\"@id\":\"https:\/\/oratex.ca\/en\/#organization\",\"name\":\"ORATEX\",\"url\":\"https:\/\/oratex.ca\/en\/\",\"logo\":{\"@type\":\"ImageObject\",\"inLanguage\":\"en-US\",\"@id\":\"https:\/\/oratex.ca\/en\/#\/schema\/logo\/image\/\",\"url\":\"https:\/\/oratex.ca\/wp-content\/uploads\/2023\/01\/oratex-logo-horizontal.png\",\"contentUrl\":\"https:\/\/oratex.ca\/wp-content\/uploads\/2023\/01\/oratex-logo-horizontal.png\",\"width\":668,\"height\":185,\"caption\":\"ORATEX\"},\"image\":{\"@id\":\"https:\/\/oratex.ca\/en\/#\/schema\/logo\/image\/\"},\"sameAs\":[\"https:\/\/www.linkedin.com\/company\/oratex\/\"]}]}<\/script>\n<!-- \/ Yoast SEO plugin. -->","yoast_head_json":{"title":"Careers - ORATEX","description":"We are a North American manufacturer of specialized stretch fabrics, fleece fabrics, and flame-retardant fabrics. Specialized in circular stretch kinitting. Canada : Montreal, Berthierville, Alberta, Manitoba, Saskatchewan, British Columbia ; USA : New York","robots":{"index":"index","follow":"follow","max-snippet":"max-snippet:-1","max-image-preview":"max-image-preview:large","max-video-preview":"max-video-preview:-1"},"canonical":"https:\/\/oratex.ca\/en\/career-positions\/","og_locale":"en_US","og_type":"article","og_title":"Careers - ORATEX","og_description":"We are a North American manufacturer of specialized stretch fabrics, fleece fabrics, and flame-retardant fabrics. Specialized in circular stretch kinitting. Canada : Montreal, Berthierville, Alberta, Manitoba, Saskatchewan, British Columbia ; USA : New York","og_url":"https:\/\/oratex.ca\/en\/career-positions\/","og_site_name":"ORATEX","article_modified_time":"2023-03-02T20:31:51+00:00","twitter_card":"summary_large_image","twitter_misc":{"Est. reading time":"1 minute"},"schema":{"@context":"https:\/\/schema.org","@graph":[{"@type":"WebPage","@id":"https:\/\/oratex.ca\/en\/career-positions\/","url":"https:\/\/oratex.ca\/en\/career-positions\/","name":"Careers - ORATEX","isPartOf":{"@id":"https:\/\/oratex.ca\/en\/#website"},"datePublished":"2023-01-18T15:48:46+00:00","dateModified":"2023-03-02T20:31:51+00:00","description":"We are a North American manufacturer of specialized stretch fabrics, fleece fabrics, and flame-retardant fabrics. Specialized in circular stretch kinitting. Canada : Montreal, Berthierville, Alberta, Manitoba, Saskatchewan, British Columbia ; USA : New York","breadcrumb":{"@id":"https:\/\/oratex.ca\/en\/career-positions\/#breadcrumb"},"inLanguage":"en-US","potentialAction":[{"@type":"ReadAction","target":["https:\/\/oratex.ca\/en\/career-positions\/"]}]},{"@type":"BreadcrumbList","@id":"https:\/\/oratex.ca\/en\/career-positions\/#breadcrumb","itemListElement":[{"@type":"ListItem","position":1,"name":"Accueil","item":"https:\/\/oratex.ca\/en\/"},{"@type":"ListItem","position":2,"name":"Careers"}]},{"@type":"WebSite","@id":"https:\/\/oratex.ca\/en\/#website","url":"https:\/\/oratex.ca\/en\/","name":"ORATEX","description":"World leader in green textile manufacturing","publisher":{"@id":"https:\/\/oratex.ca\/en\/#organization"},"potentialAction":[{"@type":"SearchAction","target":{"@type":"EntryPoint","urlTemplate":"https:\/\/oratex.ca\/en\/?s={search_term_string}"},"query-input":"required name=search_term_string"}],"inLanguage":"en-US"},{"@type":"Organization","@id":"https:\/\/oratex.ca\/en\/#organization","name":"ORATEX","url":"https:\/\/oratex.ca\/en\/","logo":{"@type":"ImageObject","inLanguage":"en-US","@id":"https:\/\/oratex.ca\/en\/#\/schema\/logo\/image\/","url":"https:\/\/oratex.ca\/wp-content\/uploads\/2023\/01\/oratex-logo-horizontal.png","contentUrl":"https:\/\/oratex.ca\/wp-content\/uploads\/2023\/01\/oratex-logo-horizontal.png","width":668,"height":185,"caption":"ORATEX"},"image":{"@id":"https:\/\/oratex.ca\/en\/#\/schema\/logo\/image\/"},"sameAs":["https:\/\/www.linkedin.com\/company\/oratex\/"]}]}},"_links":{"self":[{"href":"https:\/\/oratex.ca\/en\/wp-json\/wp\/v2\/pages\/16056"}],"collection":[{"href":"https:\/\/oratex.ca\/en\/wp-json\/wp\/v2\/pages"}],"about":[{"href":"https:\/\/oratex.ca\/en\/wp-json\/wp\/v2\/types\/page"}],"author":[{"embeddable":true,"href":"https:\/\/oratex.ca\/en\/wp-json\/wp\/v2\/users\/1"}],"replies":[{"embeddable":true,"href":"https:\/\/oratex.ca\/en\/wp-json\/wp\/v2\/comments?post=16056"}],"version-history":[{"count":0,"href":"https:\/\/oratex.ca\/en\/wp-json\/wp\/v2\/pages\/16056\/revisions"}],"wp:attachment":[{"href":"https:\/\/oratex.ca\/en\/wp-json\/wp\/v2\/media?parent=16056"}],"curies":[{"name":"wp","href":"https:\/\/api.w.org\/{rel}","templated":true}]}}